{"id":10,"date":"2020-08-11T13:25:56","date_gmt":"2020-08-11T13:25:56","guid":{"rendered":"https:\/\/ranch19.com\/?page_id=10"},"modified":"2020-08-12T10:14:03","modified_gmt":"2020-08-12T10:14:03","slug":"historique","status":"publish","type":"page","link":"https:\/\/ranch19.com\/?page_id=10","title":{"rendered":"Historique"},"content":{"rendered":"\n<p style=\"font-size:24px\" class=\"has-text-align-center\"><span class=\"has-inline-color has-very-dark-gray-color\"><strong>Il \u00e9tait une fois &#8230; \u00a0\u00bb RANCH19 <\/strong>\u00ab\u00a0<\/span><\/p>\n\n\n\n<p class=\"has-text-align-left\"><span class=\"has-inline-color has-very-dark-gray-color\">Nous sommes arriv\u00e9s en Sa\u00f4ne et Loire en ao\u00fbt 2006, suite \u00e0 notre rencontre avec \u00ab\u00a0une ferme coup de coeur\u00a0\u00bb un mois plus t\u00f4t. <br>Les enfants (5) ne voulant pas d\u00e9m\u00e9nager en cours d&rsquo;ann\u00e9e scolaire, ils ne nous laiss\u00e8rent gu\u00e8re de choix, d\u00e9m\u00e9nagement imm\u00e9diat ou 10 mois plus tard. Courageux (peut-\u00eatre), inconscients (s\u00fbrement), nous voil\u00e0 embarqu\u00e9s dans un premier lot de cartons, \u00e0 la recherche d&rsquo;un g\u00eete pour nous accueillir dans l&rsquo;imm\u00e9diat et l&rsquo;inscription pr\u00e9cipit\u00e9e des enfants dans leur nouvelle \u00e9cole, car la d\u00e9cision fut prise \u00ab\u00a0sans plus attendre\u00a0\u00bb.<\/span><\/p>\n\n\n\n<div class=\"wp-block-image\"><figure class=\"aligncenter size-large is-resized\"><img loading=\"lazy\" decoding=\"async\" src=\"https:\/\/ranch19.com\/wp-content\/uploads\/2020\/08\/maison4.jpg\" alt=\"\" class=\"wp-image-161\" width=\"233\" height=\"175\" srcset=\"https:\/\/ranch19.com\/wp-content\/uploads\/2020\/08\/maison4.jpg 600w, https:\/\/ranch19.com\/wp-content\/uploads\/2020\/08\/maison4-300x225.jpg 300w, https:\/\/ranch19.com\/wp-content\/uploads\/2020\/08\/maison4-230x173.jpg 230w\" sizes=\"(max-width: 233px) 100vw, 233px\" \/><\/figure><\/div>\n\n\n\n<p class=\"has-text-align-left\"><span class=\"has-inline-color has-very-dark-gray-color\"><br>Les premiers mois furent tr\u00e8s durs, Manu travaillait sur Gen\u00e8ve 4 jours par semaine et je me retrouvais seule avec nos 5 enfants (2 + 3, mais c&rsquo;est une autre histoire).<br>Mystique, ma jument franche-montagne, s\u00e9journait dans un tr\u00e8s bel endroit \u00ab\u00a0le Bois Maillot\u00a0\u00bb, pension\/retraite situ\u00e9e \u00e0 Saillenard dans notre futur village.<br>Rien ne se faisant facilement, l&rsquo;achat de notre ferme prenait du retard et pire notre maison de haute-savoie sur laquelle nous avions pris un pr\u00eat-relais ne se vendait pas !<br>Les mois qui suivirent furent pleupl\u00e9s de cauchemars et de nuits blanches, les int\u00e9r\u00eats courants \u00e0 vive allure.<br><br>Apr\u00e8s de multiples p\u00e9rip\u00e9ties, nous entr\u00e2mes en possession de notre ferme \u00ab\u00a0Ranch19\u00a0\u00bb en f\u00e9vrier 2007, mais la maison de Haute-Savoie n&rsquo;\u00e9tait toujours pas vendue, pire, nous nous \u00e9tions fait berner par un acheteur potentiel qui squattait la maison, ne payant absolument aucune facture.<br><br>Il fallut ruser pour pouvoir reprendre notre bien et finalement pouvoir le vendre, avec une bonne perte au passage.<br>En ao\u00fbt 2008, moins \u00ab\u00a0riches\u00a0\u00bb que pr\u00e9vu, mais nettement soulag\u00e9s de finir cette aventure, nous pouvions recommencer \u00e0 vivre et \u00e0 faire des projets.<br><br>D\u00e8s que l&rsquo;\u00e9tat des terrains et des cl\u00f4tures nous l&rsquo;a permis, Mystique et sa copine Cheyenne, qui nous a \u00e9t\u00e9 donn\u00e9e par son ancienne propri\u00e9taire, ainsi que Max, le poney shetland sont venus nous rejoindre<\/span><\/p>\n\n\n\n<div class=\"wp-block-group\"><div class=\"wp-block-group__inner-container is-layout-flow wp-block-group-is-layout-flow\">\n<div class=\"wp-block-image\"><figure class=\"alignright size-large is-resized\"><img loading=\"lazy\" decoding=\"async\" src=\"https:\/\/ranch19.com\/wp-content\/uploads\/2020\/08\/Photo1212-1024x768.jpg\" alt=\"\" class=\"wp-image-164\" width=\"305\" height=\"229\" srcset=\"https:\/\/ranch19.com\/wp-content\/uploads\/2020\/08\/Photo1212-1024x768.jpg 1024w, https:\/\/ranch19.com\/wp-content\/uploads\/2020\/08\/Photo1212-300x225.jpg 300w, https:\/\/ranch19.com\/wp-content\/uploads\/2020\/08\/Photo1212-768x576.jpg 768w, https:\/\/ranch19.com\/wp-content\/uploads\/2020\/08\/Photo1212-1536x1152.jpg 1536w, https:\/\/ranch19.com\/wp-content\/uploads\/2020\/08\/Photo1212-830x623.jpg 830w, https:\/\/ranch19.com\/wp-content\/uploads\/2020\/08\/Photo1212-230x173.jpg 230w, https:\/\/ranch19.com\/wp-content\/uploads\/2020\/08\/Photo1212.jpg 1600w\" sizes=\"(max-width: 305px) 100vw, 305px\" \/><figcaption>Cheyenne<\/figcaption><\/figure><\/div>\n\n\n\n<figure class=\"wp-block-image size-large is-resized\"><img loading=\"lazy\" decoding=\"async\" src=\"https:\/\/ranch19.com\/wp-content\/uploads\/2020\/08\/PICT2260-768x1024.jpg\" alt=\"\" class=\"wp-image-162\" width=\"170\" height=\"226\" srcset=\"https:\/\/ranch19.com\/wp-content\/uploads\/2020\/08\/PICT2260-768x1024.jpg 768w, https:\/\/ranch19.com\/wp-content\/uploads\/2020\/08\/PICT2260-225x300.jpg 225w, https:\/\/ranch19.com\/wp-content\/uploads\/2020\/08\/PICT2260-1152x1536.jpg 1152w, https:\/\/ranch19.com\/wp-content\/uploads\/2020\/08\/PICT2260-830x1107.jpg 830w, https:\/\/ranch19.com\/wp-content\/uploads\/2020\/08\/PICT2260-230x307.jpg 230w, https:\/\/ranch19.com\/wp-content\/uploads\/2020\/08\/PICT2260.jpg 1200w\" sizes=\"(max-width: 170px) 100vw, 170px\" \/><figcaption>Mystique<\/figcaption><\/figure>\n<\/div><\/div>\n\n\n\n<p class=\"has-text-align-left\"><span class=\"has-inline-color has-very-dark-gray-color\"><br>Peu de temps apr\u00e8s, Isabelle et Noisette, les ponettes et Osiris, la double-ponette, sont venues agrandir le cheptel.<br>Dans le courant du printemps, Sandro le fr\u00e8re de Manu, ainsi que sa femme, nous ont offert une magnifique jument, Out of Spirit qui nous a donn\u00e9 un superbe poulain, Sioux.<\/span><\/p>\n\n\n\n<div class=\"wp-block-image\"><figure class=\"aligncenter size-large is-resized\"><img loading=\"lazy\" decoding=\"async\" src=\"https:\/\/ranch19.com\/wp-content\/uploads\/2020\/08\/P9271335-1024x768.jpg\" alt=\"\" class=\"wp-image-165\" width=\"389\" height=\"292\" srcset=\"https:\/\/ranch19.com\/wp-content\/uploads\/2020\/08\/P9271335-1024x768.jpg 1024w, https:\/\/ranch19.com\/wp-content\/uploads\/2020\/08\/P9271335-300x225.jpg 300w, https:\/\/ranch19.com\/wp-content\/uploads\/2020\/08\/P9271335-768x576.jpg 768w, https:\/\/ranch19.com\/wp-content\/uploads\/2020\/08\/P9271335-1536x1152.jpg 1536w, https:\/\/ranch19.com\/wp-content\/uploads\/2020\/08\/P9271335-2048x1536.jpg 2048w, https:\/\/ranch19.com\/wp-content\/uploads\/2020\/08\/P9271335-830x623.jpg 830w, https:\/\/ranch19.com\/wp-content\/uploads\/2020\/08\/P9271335-230x173.jpg 230w\" sizes=\"(max-width: 389px) 100vw, 389px\" \/><figcaption>OLYMPUS DIGITAL CAMERA<\/figcaption><\/figure><\/div>\n\n\n\n<p class=\"has-text-align-left\"><span class=\"has-inline-color has-very-dark-gray-color\"><br>Rest\u00e9s dans un premier temps chez Alain Robert, ils nous ont rejoints en d\u00e9but d&rsquo;\u00e9t\u00e9. Ce fut la r\u00e9v\u00e9lation pour Manu. Sioux avec qui je le retrouvais endormi dans les pr\u00e9s,devint son ins\u00e9parable.<br>Une amie venant donner des cours d&rsquo;\u00e9thologie \u00e0 la maison fit le reste, il avait mis le pied \u00e0 l&rsquo;\u00e9trier.<br>D\u00e9barrass\u00e9s de nos soucis financiers, on a pu enfin se consacrer \u00e0 l&rsquo;am\u00e9nagement de notre ferme.<br>Les pr\u00e9s, puis l&rsquo;am\u00e9nagement du hangar en man\u00e8ge.<\/span><\/p>\n\n\n\n<div class=\"wp-block-image\"><figure class=\"aligncenter size-large is-resized\"><img loading=\"lazy\" decoding=\"async\" src=\"https:\/\/ranch19.com\/wp-content\/uploads\/2020\/08\/manege1.jpg\" alt=\"\" class=\"wp-image-166\" width=\"392\" height=\"294\" srcset=\"https:\/\/ranch19.com\/wp-content\/uploads\/2020\/08\/manege1.jpg 500w, https:\/\/ranch19.com\/wp-content\/uploads\/2020\/08\/manege1-300x225.jpg 300w, https:\/\/ranch19.com\/wp-content\/uploads\/2020\/08\/manege1-230x173.jpg 230w\" sizes=\"(max-width: 392px) 100vw, 392px\" \/><\/figure><\/div>\n\n\n\n<p class=\"has-text-align-left\"><span class=\"has-inline-color has-very-dark-gray-color\"><br>En octobre, notre deuxi\u00e8me poulini\u00e8re, Hiccup in a teacup, arriva.<br>Elle \u00e9tait pleine de Hotwheel Sonny Motion. Etalon qui est depuis peu stationn\u00e9 en France.<\/span><\/p>\n\n\n\n<div class=\"wp-block-image\"><figure class=\"alignright size-large is-resized\"><img loading=\"lazy\" decoding=\"async\" src=\"https:\/\/ranch19.com\/wp-content\/uploads\/2020\/08\/PICT0003-768x1024.jpg\" alt=\"\" class=\"wp-image-167\" width=\"267\" height=\"355\" srcset=\"https:\/\/ranch19.com\/wp-content\/uploads\/2020\/08\/PICT0003-768x1024.jpg 768w, https:\/\/ranch19.com\/wp-content\/uploads\/2020\/08\/PICT0003-225x300.jpg 225w, https:\/\/ranch19.com\/wp-content\/uploads\/2020\/08\/PICT0003-1152x1536.jpg 1152w, https:\/\/ranch19.com\/wp-content\/uploads\/2020\/08\/PICT0003-1536x2048.jpg 1536w, https:\/\/ranch19.com\/wp-content\/uploads\/2020\/08\/PICT0003-830x1107.jpg 830w, https:\/\/ranch19.com\/wp-content\/uploads\/2020\/08\/PICT0003-230x307.jpg 230w, https:\/\/ranch19.com\/wp-content\/uploads\/2020\/08\/PICT0003.jpg 1920w\" sizes=\"(max-width: 267px) 100vw, 267px\" \/><figcaption>Uhlan<\/figcaption><\/figure><\/div>\n\n\n\n<div class=\"wp-block-image\"><figure class=\"alignright size-large is-resized\"><img loading=\"lazy\" decoding=\"async\" src=\"https:\/\/ranch19.com\/wp-content\/uploads\/2020\/08\/PICT0013-1-768x1024.jpg\" alt=\"\" class=\"wp-image-170\" width=\"274\" height=\"364\" srcset=\"https:\/\/ranch19.com\/wp-content\/uploads\/2020\/08\/PICT0013-1-768x1024.jpg 768w, https:\/\/ranch19.com\/wp-content\/uploads\/2020\/08\/PICT0013-1-225x300.jpg 225w, https:\/\/ranch19.com\/wp-content\/uploads\/2020\/08\/PICT0013-1-1152x1536.jpg 1152w, https:\/\/ranch19.com\/wp-content\/uploads\/2020\/08\/PICT0013-1-1536x2048.jpg 1536w, https:\/\/ranch19.com\/wp-content\/uploads\/2020\/08\/PICT0013-1-830x1107.jpg 830w, https:\/\/ranch19.com\/wp-content\/uploads\/2020\/08\/PICT0013-1-230x307.jpg 230w, https:\/\/ranch19.com\/wp-content\/uploads\/2020\/08\/PICT0013-1.jpg 1920w\" sizes=\"(max-width: 274px) 100vw, 274px\" \/><\/figure><\/div>\n\n\n\n<p class=\"has-text-align-left\"><span class=\"has-inline-color has-very-dark-gray-color\"><br>Uhlan est n\u00e9 dans la nuit du 6 avril. Alain m&rsquo;avait bien renseign\u00e9e, je pus donc aider \u00e0 la naissance, surtout que pour Hiccup s&rsquo;\u00e9tait une grande premi\u00e8re.<br><br>Elle fut fabuleuse. Au d\u00e9but, quand je pus voir la t\u00eate du poulain, je le crus mort, car rien ne bougeait et que la mise bas semblait durer longtemps. \u00ab\u00a0Le v\u00e9to m&rsquo;avait dit que la jument devait pousser trois ou quatre fois pour que le poulain soit sorti\u00a0\u00bb. Tu parles !!! Quel ne fut pas ma surprise quand enfin il fut sorti de le voir bouger. Ouahh que d&rsquo;\u00e9motions, j&rsquo;avais aid\u00e9 \u00e0 mettre bas notre premier poulain \u00e0 la maison.<br><br>Pour att\u00e9nuer notre sentiment d&rsquo;all\u00e9gresse, le lendemain le temps \u00e9tait \u00e0 la neige.<\/span><\/p>\n\n\n\n<p class=\"has-text-align-left\"><span class=\"has-inline-color has-very-dark-gray-color\"><br>Nous avions donc un petit poulain qui tremblotait.Mon mari lui mit sa doudoune sur le dos, pendant que je lui confectionnais vite fait une couverture polaire maison. Pas tr\u00e8s enthousiaste au d\u00e9but, la chaleur de la couverture lui parut bien agr\u00e9able apr\u00e8s deux essais et il ne se fit plus prier.<br><br>Pour sa premi\u00e8re sortie, il provoqua un attroupement et c&rsquo;est \u00e0 qui se chamaillait les meilleures places pour voir.<\/span><\/p>\n\n\n\n<div class=\"wp-block-image\"><figure class=\"aligncenter size-large is-resized\"><img loading=\"lazy\" decoding=\"async\" src=\"https:\/\/ranch19.com\/wp-content\/uploads\/2020\/08\/PICT0201-1024x768.jpg\" alt=\"\" class=\"wp-image-171\" width=\"397\" height=\"298\" srcset=\"https:\/\/ranch19.com\/wp-content\/uploads\/2020\/08\/PICT0201-1024x768.jpg 1024w, https:\/\/ranch19.com\/wp-content\/uploads\/2020\/08\/PICT0201-300x225.jpg 300w, https:\/\/ranch19.com\/wp-content\/uploads\/2020\/08\/PICT0201-768x576.jpg 768w, https:\/\/ranch19.com\/wp-content\/uploads\/2020\/08\/PICT0201-1536x1152.jpg 1536w, https:\/\/ranch19.com\/wp-content\/uploads\/2020\/08\/PICT0201-2048x1536.jpg 2048w, https:\/\/ranch19.com\/wp-content\/uploads\/2020\/08\/PICT0201-830x623.jpg 830w, https:\/\/ranch19.com\/wp-content\/uploads\/2020\/08\/PICT0201-230x173.jpg 230w\" sizes=\"(max-width: 397px) 100vw, 397px\" \/><\/figure><\/div>\n\n\n\n<p class=\"has-text-align-left\"><span class=\"has-inline-color has-very-dark-gray-color\"><br>Cette ann\u00e9e l\u00e0, il n&rsquo;y eut qu&rsquo;un seul poulain, car Spirit ne semblait pas pleine, elle avait du avorter \u00e0 un moment ou un autre.<br><br>Mais 2009, fut plus prometteuse.<br>En premier ce fut Hiccup qui nous donna une adorable pouliche,<\/span><\/p>\n\n\n\n<div class=\"wp-block-image\"><figure class=\"alignright size-large is-resized\"><img loading=\"lazy\" decoding=\"async\" src=\"https:\/\/ranch19.com\/wp-content\/uploads\/2020\/08\/image-forum-5.jpg\" alt=\"\" class=\"wp-image-172\" width=\"223\" height=\"212\" srcset=\"https:\/\/ranch19.com\/wp-content\/uploads\/2020\/08\/image-forum-5.jpg 353w, https:\/\/ranch19.com\/wp-content\/uploads\/2020\/08\/image-forum-5-300x286.jpg 300w, https:\/\/ranch19.com\/wp-content\/uploads\/2020\/08\/image-forum-5-230x219.jpg 230w\" sizes=\"(max-width: 223px) 100vw, 223px\" \/><figcaption>\u00ab\u00a0Vega Doc Irecuam\u00a0\u00bb<\/figcaption><\/figure><\/div>\n\n\n\n<p class=\"has-text-align-left\"><span class=\"has-inline-color has-very-dark-gray-color\"><br>\u00ab\u00a0Vega Doc Irecuam\u00a0\u00bb, sorrel tobiano, Hypp, Herda et Low n\u00e9gatifs, agouti Aa.<\/span><\/p>\n\n\n\n<p><\/p>\n\n\n\n<p><\/p>\n\n\n\n<p class=\"has-text-align-left\"><span class=\"has-inline-color has-very-dark-gray-color\">C&rsquo;est avec plaisir et soulagement, la premi\u00e8re naissance ayant eu lieu, que Uhlan et moi nous nous sommes rendu \u00e0 Lamotte Beuvron, pour nos premiers concours western. 3 journ\u00e9es passionnantes, mais oh combien \u00e9puisantes.<\/span><\/p>\n\n\n\n<figure class=\"wp-block-image size-large\"><img loading=\"lazy\" decoding=\"async\" width=\"1024\" height=\"768\" src=\"https:\/\/ranch19.com\/wp-content\/uploads\/2020\/08\/DSCF3211-1024x768.jpg\" alt=\"\" class=\"wp-image-173\" srcset=\"https:\/\/ranch19.com\/wp-content\/uploads\/2020\/08\/DSCF3211-1024x768.jpg 1024w, https:\/\/ranch19.com\/wp-content\/uploads\/2020\/08\/DSCF3211-300x225.jpg 300w, https:\/\/ranch19.com\/wp-content\/uploads\/2020\/08\/DSCF3211-768x576.jpg 768w, https:\/\/ranch19.com\/wp-content\/uploads\/2020\/08\/DSCF3211-1536x1152.jpg 1536w, https:\/\/ranch19.com\/wp-content\/uploads\/2020\/08\/DSCF3211-2048x1536.jpg 2048w, https:\/\/ranch19.com\/wp-content\/uploads\/2020\/08\/DSCF3211-830x623.jpg 830w, https:\/\/ranch19.com\/wp-content\/uploads\/2020\/08\/DSCF3211-230x173.jpg 230w\" sizes=\"(max-width: 1024px) 100vw, 1024px\" \/><\/figure>\n\n\n\n<div class=\"wp-block-image\"><figure class=\"alignright size-large is-resized\"><img loading=\"lazy\" decoding=\"async\" src=\"https:\/\/ranch19.com\/wp-content\/uploads\/2020\/08\/P6025151forum.jpg\" alt=\"\" class=\"wp-image-174\" width=\"244\" height=\"325\" srcset=\"https:\/\/ranch19.com\/wp-content\/uploads\/2020\/08\/P6025151forum.jpg 480w, https:\/\/ranch19.com\/wp-content\/uploads\/2020\/08\/P6025151forum-225x300.jpg 225w, https:\/\/ranch19.com\/wp-content\/uploads\/2020\/08\/P6025151forum-230x307.jpg 230w\" sizes=\"(max-width: 244px) 100vw, 244px\" \/><\/figure><\/div>\n\n\n\n<p class=\"has-text-align-left\"><span class=\"has-inline-color has-very-dark-gray-color\">Puis ce fut au tour de Spirit de nous donner une magnifique pouliche black tobiano, \u00ab\u00a0Vyria Cheroky Irecuam\u00a0\u00bb, Hypp, Herda et Low n\u00e9gatif, homozygote sur le g\u00e8ne noir.Les m\u00e8res furent remises \u00e0 l&rsquo;\u00e9talon, et nous attendons patiemment les naissances 2010 pour fin mai et d\u00e9but juin.<br>Voici les croisements que nous avons fait pour ces futures naissances :<br><br>Out of Spirit, black tobiano homozygote, Hypp, Herda et Low n\u00e9gatifs.<br><br>Hiccup in a Teacup, chesnut tov\u00e9ro, Hypp, Herda, LWO n\u00e9gatifs, agouti Aa. Toutes les deux crois\u00e9es avec Cherokee Blanca, \u00e9talon tobiano, homozygote sur le tobiano et le black, appartenant \u00e0 Monsieur Alain Robert.<\/span><\/p>\n\n\n\n<div class=\"wp-block-image\"><figure class=\"aligncenter size-large is-resized\"><img loading=\"lazy\" decoding=\"async\" src=\"https:\/\/ranch19.com\/wp-content\/uploads\/2020\/08\/P5305117forum.jpg\" alt=\"\" class=\"wp-image-175\" width=\"191\" height=\"192\" srcset=\"https:\/\/ranch19.com\/wp-content\/uploads\/2020\/08\/P5305117forum.jpg 600w, https:\/\/ranch19.com\/wp-content\/uploads\/2020\/08\/P5305117forum-298x300.jpg 298w, https:\/\/ranch19.com\/wp-content\/uploads\/2020\/08\/P5305117forum-150x150.jpg 150w, https:\/\/ranch19.com\/wp-content\/uploads\/2020\/08\/P5305117forum-230x232.jpg 230w\" sizes=\"(max-width: 191px) 100vw, 191px\" \/><figcaption>OLYMPUS DIGITAL CAMERA<\/figcaption><\/figure><\/div>\n\n\n\n<p class=\"has-text-align-left\"><span class=\"has-inline-color has-very-dark-gray-color\">Nous ne pensions pas forc\u00e9ment faire resaillir nos juments pour 2011, car les naissances 2010 sont pr\u00e9vues un peu tard dans la saison. Mais les futurity sont pass\u00e9s par l\u00e0, et \u00a0Alain Robert ayant inscrit Cherokee Blanca et Pepsi poco Smoke nous ayant attir\u00e9, nous avons mis\u00e9. Et comme nous avons remport\u00e9 nos deux ench\u00e8res, nous voil\u00e0 reparti pour deux nouvelles naissances.<br><br>Voil\u00e0, vous savez presque tout !!<br><br>Notre petite troupe<\/span><\/p>\n","protected":false},"excerpt":{"rendered":"<p>Il \u00e9tait une fois &#8230; \u00a0\u00bb RANCH19 \u00ab\u00a0 Nous sommes arriv\u00e9s en Sa\u00f4ne et Loire en ao\u00fbt 2006, suite \u00e0 notre rencontre avec \u00ab\u00a0une ferme&hellip;<\/p>\n","protected":false},"author":1,"featured_media":0,"parent":0,"menu_order":0,"comment_status":"closed","ping_status":"closed","template":"","meta":{"footnotes":""},"class_list":["post-10","page","type-page","status-publish","hentry"],"_links":{"self":[{"href":"https:\/\/ranch19.com\/index.php?rest_route=\/wp\/v2\/pages\/10"}],"collection":[{"href":"https:\/\/ranch19.com\/index.php?rest_route=\/wp\/v2\/pages"}],"about":[{"href":"https:\/\/ranch19.com\/index.php?rest_route=\/wp\/v2\/types\/page"}],"author":[{"embeddable":true,"href":"https:\/\/ranch19.com\/index.php?rest_route=\/wp\/v2\/users\/1"}],"replies":[{"embeddable":true,"href":"https:\/\/ranch19.com\/index.php?rest_route=%2Fwp%2Fv2%2Fcomments&post=10"}],"version-history":[{"count":11,"href":"https:\/\/ranch19.com\/index.php?rest_route=\/wp\/v2\/pages\/10\/revisions"}],"predecessor-version":[{"id":176,"href":"https:\/\/ranch19.com\/index.php?rest_route=\/wp\/v2\/pages\/10\/revisions\/176"}],"wp:attachment":[{"href":"https:\/\/ranch19.com\/index.php?rest_route=%2Fwp%2Fv2%2Fmedia&parent=10"}],"curies":[{"name":"wp","href":"https:\/\/api.w.org\/{rel}","templated":true}]}}