{"id":27,"date":"2020-08-11T14:06:31","date_gmt":"2020-08-11T14:06:31","guid":{"rendered":"https:\/\/ranch19.com\/?page_id=27"},"modified":"2020-08-11T14:14:14","modified_gmt":"2020-08-11T14:14:14","slug":"origines","status":"publish","type":"page","link":"https:\/\/ranch19.com\/?page_id=27","title":{"rendered":"Origines"},"content":{"rendered":"\n<p>C&rsquo;est en 1965, lorsque le standard de la race Quarter Horse n&rsquo;accepta plus les robes pies que les adeptes des chevaux de couleur cr\u00e9\u00e8rent cette race de chevaux.<br><br>Il s&rsquo;agit donc d&rsquo;un Quarter Horse de couleur, mais la g\u00e9n\u00e9tique jouant parfois des tours, certains Paint Horses naissent de couleur unie, \u00ab\u00a0solid color\u00a0\u00bb, c&rsquo;est-\u00e0 dire sans tache blanche sur le corps autre que balzane ou marque en t\u00eate.<br><br>Les Indiens d&rsquo;Am\u00e9rique du nord aimaient particuli\u00e8rement les chevaux \u00e0 robe pie ou tachet\u00e9e qui flattaient leur naturelle exub\u00e9rance d\u00e9corative. Cela leur permettait \u00e9galement un meilleur camouflage \u00e0 la chasse ou \u00e0 la guerre.<br><br>Au d\u00e9but du XXe si\u00e8cle, les Blancs dominants qui avaient farouchement combattu les Indiens rejet\u00e8rent donc les chevaux tachet\u00e9s et les exclu\u00e8rent &nbsp;plus tard du livre g\u00e9n\u00e9alogique du Quarter Horse, cheval du cow-boy texan par excellence.<br><br>Dans les ann\u00e9es 1950 et 1960, certains \u00e9leveurs et utilisateurs de Quarter Horse tachet\u00e9s d\u00e9cid\u00e8rent de valoriser ces mod\u00e8les uniques en les inscrivant dans un registre g\u00e9n\u00e9alogique particulier.<br><br>Ces chevaux ont aujourd&rsquo;hui un succ\u00e8s grandissant aupr\u00e8s de professionnels et d&rsquo;amateurs d&rsquo;\u00e9quitation western et autres cultures de l&rsquo;Ouest dans le monde entier. L&rsquo;APHA (American Paint Horse Association) est bas\u00e9e \u00e0 Fort Worth au Texas et un livre g\u00e9n\u00e9alogique est ouvert parall\u00e8lement \u00e0 celui du Quarter Horse qui est g\u00e9r\u00e9 par l&rsquo;AQHA (American Quarter Horse Association) \u00e0 Amarillo (Texas).<br><br>Pour enregistrer un poulain ( pie ou non) \u00e0 l&rsquo;APHA il est n\u00e9cessaire que l&rsquo;un au moins de ses parents soit d\u00e9j\u00e0 enregistr\u00e9 comme paint horse, l&rsquo;autre g\u00e9niteur pouvant \u00eatre un quarter horse ou un pur-sang inscrit au Jockey Club.<br><br>Les Paint Horses sont de petits chevaux : entre 1,48 m et 1,60 m. Ils poss\u00e8dent toutes les caract\u00e9ristiques physiques des Quarter Horses, dont une arri\u00e8re-main puissante et des jambes muscl\u00e9es, adapt\u00e9es au travail qui leur est demand\u00e9.<br><br>Ils ont un caract\u00e8re vif mais docile, ils sont tr\u00e8s calmes.<br><br>On distingue quatre types de robes : Tobiano, Overo, Tovero et Solid.<\/p>\n","protected":false},"excerpt":{"rendered":"<p>C&rsquo;est en 1965, lorsque le standard de la race Quarter Horse n&rsquo;accepta plus les robes pies que les adeptes des chevaux de couleur cr\u00e9\u00e8rent cette&hellip;<\/p>\n","protected":false},"author":1,"featured_media":0,"parent":31,"menu_order":1,"comment_status":"closed","ping_status":"closed","template":"","meta":{"footnotes":""},"class_list":["post-27","page","type-page","status-publish","hentry"],"_links":{"self":[{"href":"https:\/\/ranch19.com\/index.php?rest_route=\/wp\/v2\/pages\/27"}],"collection":[{"href":"https:\/\/ranch19.com\/index.php?rest_route=\/wp\/v2\/pages"}],"about":[{"href":"https:\/\/ranch19.com\/index.php?rest_route=\/wp\/v2\/types\/page"}],"author":[{"embeddable":true,"href":"https:\/\/ranch19.com\/index.php?rest_route=\/wp\/v2\/users\/1"}],"replies":[{"embeddable":true,"href":"https:\/\/ranch19.com\/index.php?rest_route=%2Fwp%2Fv2%2Fcomments&post=27"}],"version-history":[{"count":1,"href":"https:\/\/ranch19.com\/index.php?rest_route=\/wp\/v2\/pages\/27\/revisions"}],"predecessor-version":[{"id":28,"href":"https:\/\/ranch19.com\/index.php?rest_route=\/wp\/v2\/pages\/27\/revisions\/28"}],"up":[{"embeddable":true,"href":"https:\/\/ranch19.com\/index.php?rest_route=\/wp\/v2\/pages\/31"}],"wp:attachment":[{"href":"https:\/\/ranch19.com\/index.php?rest_route=%2Fwp%2Fv2%2Fmedia&parent=27"}],"curies":[{"name":"wp","href":"https:\/\/api.w.org\/{rel}","templated":true}]}}