{"id":29,"date":"2020-08-11T14:08:06","date_gmt":"2020-08-11T14:08:06","guid":{"rendered":"https:\/\/ranch19.com\/?page_id=29"},"modified":"2020-08-12T09:19:51","modified_gmt":"2020-08-12T09:19:51","slug":"robes","status":"publish","type":"page","link":"https:\/\/ranch19.com\/?page_id=29","title":{"rendered":"Robes"},"content":{"rendered":"\n<div class=\"wp-block-image is-style-default\"><figure class=\"alignright size-large is-resized\"><img loading=\"lazy\" decoding=\"async\" src=\"https:\/\/ranch19.com\/wp-content\/uploads\/2020\/08\/Tobiano.jpg\" alt=\"\" class=\"wp-image-128\" width=\"211\" height=\"181\" srcset=\"https:\/\/ranch19.com\/wp-content\/uploads\/2020\/08\/Tobiano.jpg 242w, https:\/\/ranch19.com\/wp-content\/uploads\/2020\/08\/Tobiano-230x198.jpg 230w\" sizes=\"(max-width: 211px) 100vw, 211px\" \/><\/figure><\/div>\n\n\n\n<p><strong>LE TOBIANO<br><\/strong><br>Le Tobiano est la robe pie la plus courante.<br>Le blanc traverse la ligne du dos et n&rsquo;atteint g\u00e9n\u00e9ralement pas la t\u00eate.<br>On trouve souvent quatre membres blancs haut chauss\u00e9s et des crins panach\u00e9s de blanc.<br>La limite entre la couleur et le blanc est r\u00e9guli\u00e8re et bien nette.<\/p>\n\n\n\n<div class=\"wp-block-image\"><figure class=\"alignright size-large\"><img loading=\"lazy\" decoding=\"async\" width=\"186\" height=\"250\" src=\"https:\/\/ranch19.com\/wp-content\/uploads\/2020\/08\/Overo.jpg\" alt=\"\" class=\"wp-image-129\"\/><\/figure><\/div>\n\n\n\n<p><strong>L&rsquo;OVERO<\/strong><br><br>La robe est d\u00e9j\u00e0 plus rare, le blanc ne traverse pas la ligne du dos mais atteint tr\u00e8s souvent la t\u00eate.<br>Les balzanes sont g\u00e9n\u00e9ralement incompl\u00e8tes car elles ne font pas tout le tour du membre.<br>Les crins sont panach\u00e9s de blanc.<br>La limite entre les taches et le blanc est plus irr\u00e9guli\u00e8re que chez les tobianos.<br><br>Une anomalie g\u00e9n\u00e9tique accompagne les chevaux porteur du g\u00e8ne dominant overo \u00ab\u00a0LWO\u00a0\u00bb (L\u00e9thal White Overo), en effet, le croisement de deux chevaux overo a une chance sur 4 de donner naissance \u00e0 un poulain de robe blanche qui meurt fatalement quelques heures plus tard, \u00e0 cause d&rsquo;une malformation des intestins associ\u00e9e au g\u00e8ne dominant overo, il est donc fortement d\u00e9conseill\u00e9 de croiser deux chevaux de robe overo entre eux.<br><br>Cela rend la robe plus rare que le tobiano, du fait qu&rsquo;il n&rsquo;existe aucun cheval vivant porteur de deux g\u00e8nes overo.<\/p>\n\n\n\n<div class=\"wp-block-image\"><figure class=\"alignright size-large\"><img loading=\"lazy\" decoding=\"async\" width=\"218\" height=\"173\" src=\"https:\/\/ranch19.com\/wp-content\/uploads\/2020\/08\/Tovero.jpg\" alt=\"\" class=\"wp-image-130\"\/><\/figure><\/div>\n\n\n\n<p><strong>LE TOVERO<\/strong><br><br>Le tovero est un m\u00e9lange de la robe overo et tobiano.<br><br>Le cheval a g\u00e9n\u00e9ralement la t\u00eate blanche avec une marque sur les oreilles, autour de la bouche et parfois autour des yeux.<br><br>Les marques sont r\u00e9guli\u00e8res et s&rsquo;\u00e9tendent plus ou moins sur les flancs.<br><br>Le blanc traverse le dos et les jambes sont g\u00e9n\u00e9ralement blanches.<br><br>La queue et la crini\u00e8re sont unies.<\/p>\n\n\n\n<div class=\"wp-block-image\"><figure class=\"alignright size-large\"><img loading=\"lazy\" decoding=\"async\" width=\"197\" height=\"256\" src=\"https:\/\/ranch19.com\/wp-content\/uploads\/2020\/08\/solid.jpg\" alt=\"\" class=\"wp-image-131\"\/><\/figure><\/div>\n\n\n\n<p><strong>LE SOLIDE<\/strong><br><br>Comme son nom l&rsquo;indique la robe est d&rsquo;une seule couleur.<\/p>\n","protected":false},"excerpt":{"rendered":"<p>LE TOBIANOLe Tobiano est la robe pie la plus courante.Le blanc traverse la ligne du dos et n&rsquo;atteint g\u00e9n\u00e9ralement pas la t\u00eate.On trouve souvent quatre&hellip;<\/p>\n","protected":false},"author":1,"featured_media":0,"parent":31,"menu_order":2,"comment_status":"closed","ping_status":"closed","template":"","meta":{"footnotes":""},"class_list":["post-29","page","type-page","status-publish","hentry"],"_links":{"self":[{"href":"https:\/\/ranch19.com\/index.php?rest_route=\/wp\/v2\/pages\/29"}],"collection":[{"href":"https:\/\/ranch19.com\/index.php?rest_route=\/wp\/v2\/pages"}],"about":[{"href":"https:\/\/ranch19.com\/index.php?rest_route=\/wp\/v2\/types\/page"}],"author":[{"embeddable":true,"href":"https:\/\/ranch19.com\/index.php?rest_route=\/wp\/v2\/users\/1"}],"replies":[{"embeddable":true,"href":"https:\/\/ranch19.com\/index.php?rest_route=%2Fwp%2Fv2%2Fcomments&post=29"}],"version-history":[{"count":2,"href":"https:\/\/ranch19.com\/index.php?rest_route=\/wp\/v2\/pages\/29\/revisions"}],"predecessor-version":[{"id":132,"href":"https:\/\/ranch19.com\/index.php?rest_route=\/wp\/v2\/pages\/29\/revisions\/132"}],"up":[{"embeddable":true,"href":"https:\/\/ranch19.com\/index.php?rest_route=\/wp\/v2\/pages\/31"}],"wp:attachment":[{"href":"https:\/\/ranch19.com\/index.php?rest_route=%2Fwp%2Fv2%2Fmedia&parent=29"}],"curies":[{"name":"wp","href":"https:\/\/api.w.org\/{rel}","templated":true}]}}