{"id":42,"date":"2020-08-11T14:21:50","date_gmt":"2020-08-11T14:21:50","guid":{"rendered":"https:\/\/ranch19.com\/?page_id=42"},"modified":"2020-08-12T11:33:27","modified_gmt":"2020-08-12T11:33:27","slug":"maladies-de-la-race","status":"publish","type":"page","link":"https:\/\/ranch19.com\/?page_id=42","title":{"rendered":"Maladies de la Race"},"content":{"rendered":"\n<p><strong>LWO :<\/strong><\/p>\n\n\n\n<p>Le syndrome l\u00e9tal du poulain blanc (OLWFS, Overo Lethal White Foal Syndrome) :<br>Ce syndrome est li\u00e9 au g\u00e8ne overo (O). Une copie du g\u00e8ne produit un patron de coloration blanc. Deux copies du g\u00e8ne sont responsables de malformations cong\u00e9nitales chez le poulain.<br>Ils naissent blanc et meurent tr\u00e8s rapidement. La pathologie compar\u00e9e avec la clinique humaine (maladie de Hirschprung) a permis \u00e0 des chercheurs de l\u2019Universit\u00e9 du Minnesota, de l\u2019Universit\u00e9 de Californie et d\u2019Australie de d\u00e9couvrir la mutation causale de cette anomalie mortelle.<br><br>Un test en g\u00e9n\u00e9tique mol\u00e9culaire est disponible, il permet les accouplements raisonn\u00e9s.<\/p>\n\n\n\n<p><strong>HYPP :<\/strong><\/p>\n\n\n\n<p>L\u2019hyperkali\u00e9mie p\u00e9riodique paralysante (HYPP, Hyperkalemic Periodic Paralysis): &nbsp;<br><br>C\u2019est une maladie musculaire observ\u00e9e principalement chez les chevaux de race Quarter Horse am\u00e9ricain.<br><br>Les chevaux affect\u00e9s ont une conformation tr\u00e8s muscl\u00e9e. Ils pr\u00e9sentent, brutalement, en cas de stress, des faiblesses musculaires.<br><br>La pathologie compar\u00e9e avec l\u2019esp\u00e8ce humaine a permis \u00e0 des chercheurs de Californie et de Pittsburg d\u2019identifier le g\u00e8ne mut\u00e9 responsable de cette maladie.<br><br>Ce g\u00e8ne code pour un canal potassique. Les cellules ne sont alors plus capables de r\u00e9guler leur quantit\u00e9 de potassium intracellulaire , ce qui provoque des contractions musculaires involontaires. Mais les contractions r\u00e9p\u00e9t\u00e9es en cours d\u2019exercice ont pour cons\u00e9quence une hypertrophie musculaire.<br><br>Cet aspect est recherch\u00e9 dans mod\u00e8le du Quarter Horse am\u00e9ricain. Les \u00e9leveurs ont s\u00e9lectionn\u00e9 des animaux pour ce caract\u00e8re. De ce fait l\u2019hypertrophie musculaire du Quater Horse peut \u00eatre consid\u00e9r\u00e9 comme la cause et la cons\u00e9quence de cette tare. Cependant, les individus atteints sont inaptes \u00e0 la course.<\/p>\n\n\n\n<p>L&rsquo;HYPP est transmis par un g\u00e8ne dominant. Une seule copie du g\u00e8ne est responsable de la maladie. Les chevaux avec deux copies du g\u00e8ne paraissent \u00eatre plus s\u00e9v\u00e8rement affect\u00e9s.<br><br>Un test mol\u00e9culaire a \u00e9t\u00e9 d\u00e9velopp\u00e9 par des scientifiques de l\u2019Universit\u00e9 de Californie et de Pittsburgh. Il est disponible commercialement.<br><\/p>\n\n\n\n<p><strong>HERDA :<\/strong><\/p>\n\n\n\n<p>L\u2019asth\u00e9nie dermique h\u00e9r\u00e9ditaire localis\u00e9e \u00e9quine (HERDA, Hereditary Equine Regional Dermal Asthenia): &nbsp;<br><br>C\u2019est une maladie d\u00e9g\u00e9n\u00e9rative rare de la peau rencontr\u00e9e chez le Quarter horse am\u00e9ricain.<br><br>Elle est provoqu\u00e9e par un g\u00e8ne r\u00e9cessif, deux copies du g\u00e8ne mut\u00e9 sont n\u00e9cessaires pour que la maladie se manifeste.<br><br>Les poulains malades paraissent normaux \u00e0 la naissance mais avant l\u2019age de 1,5 ans ils commencent \u00e0 pr\u00e9senter des l\u00e9sions cutan\u00e9es cons\u00e9cutives \u00e0 de l\u00e9g\u00e8res abrasions.<br><br>Des scientifiques de l\u2019Universit\u00e9 de Californie ont cartographi\u00e9 et identifi\u00e9 la mutation g\u00e9n\u00e9tique responsable de cette affection.<br><br>Un test de g\u00e9n\u00e9tique mol\u00e9culaire est disponible pour d\u00e9tecter les porteurs du g\u00e8ne responsable.<\/p>\n","protected":false},"excerpt":{"rendered":"<p>LWO : Le syndrome l\u00e9tal du poulain blanc (OLWFS, Overo Lethal White Foal Syndrome) :Ce syndrome est li\u00e9 au g\u00e8ne overo (O). Une copie du&hellip;<\/p>\n","protected":false},"author":1,"featured_media":0,"parent":31,"menu_order":5,"comment_status":"closed","ping_status":"closed","template":"","meta":{"footnotes":""},"class_list":["post-42","page","type-page","status-publish","hentry"],"_links":{"self":[{"href":"https:\/\/ranch19.com\/index.php?rest_route=\/wp\/v2\/pages\/42"}],"collection":[{"href":"https:\/\/ranch19.com\/index.php?rest_route=\/wp\/v2\/pages"}],"about":[{"href":"https:\/\/ranch19.com\/index.php?rest_route=\/wp\/v2\/types\/page"}],"author":[{"embeddable":true,"href":"https:\/\/ranch19.com\/index.php?rest_route=\/wp\/v2\/users\/1"}],"replies":[{"embeddable":true,"href":"https:\/\/ranch19.com\/index.php?rest_route=%2Fwp%2Fv2%2Fcomments&post=42"}],"version-history":[{"count":3,"href":"https:\/\/ranch19.com\/index.php?rest_route=\/wp\/v2\/pages\/42\/revisions"}],"predecessor-version":[{"id":209,"href":"https:\/\/ranch19.com\/index.php?rest_route=\/wp\/v2\/pages\/42\/revisions\/209"}],"up":[{"embeddable":true,"href":"https:\/\/ranch19.com\/index.php?rest_route=\/wp\/v2\/pages\/31"}],"wp:attachment":[{"href":"https:\/\/ranch19.com\/index.php?rest_route=%2Fwp%2Fv2%2Fmedia&parent=42"}],"curies":[{"name":"wp","href":"https:\/\/api.w.org\/{rel}","templated":true}]}}