{"id":45,"date":"2020-08-11T14:23:16","date_gmt":"2020-08-11T14:23:16","guid":{"rendered":"https:\/\/ranch19.com\/?page_id=45"},"modified":"2020-08-12T11:25:02","modified_gmt":"2020-08-12T11:25:02","slug":"nos-autres-chevaux","status":"publish","type":"page","link":"https:\/\/ranch19.com\/?page_id=45","title":{"rendered":"Nos autres chevaux"},"content":{"rendered":"\n<p><strong>Nos Autres Chevaux (Mystique &#8211; Cheyenne &#8211; Cherokee &#8211; Osiris)<\/strong><br><br>Petit troupeau de 3 chevaux, une double-ponette.<br><br>En fonction des p\u00e9riodes de l&rsquo;ann\u00e9e et de la qualit\u00e9 de l&rsquo;herbage, nos chevaux sont tous ensembles ou divis\u00e9s en 2 groupes ayant des besoins nutritifs diff\u00e9rents.<br><br>La premi\u00e8re arriv\u00e9e est une Franche-Montagne, Mystique, n\u00e9e le 20 mai 2001 et qui a fait le voyage depuis la Haute-Savoie avec nous.<br><br>Ensuite, nous avons eu la chance d&rsquo;accueillir Cheyenne jument Haflinger, ancienne championne suisse d&rsquo;attelage, n\u00e9e en 1993, qui nous a \u00e9t\u00e9 gracieusement donn\u00e9e par son ancienne propri\u00e9taire que nous remercions.<br><br>Osiris (double-ponette), est arriv\u00e9e au printemps 2007.<br><br>Cherokee, une jolie pouliche 3\/4 Frison 1\/4 Comtoise achet\u00e9e \u00e0 notre fils Dario qui en est tomb\u00e9 amoureux.<\/p>\n\n\n\n<figure class=\"wp-block-gallery aligncenter columns-3 is-cropped wp-block-gallery-1 is-layout-flex wp-block-gallery-is-layout-flex\"><ul class=\"blocks-gallery-grid\"><li class=\"blocks-gallery-item\"><figure><img loading=\"lazy\" decoding=\"async\" width=\"1024\" height=\"768\" src=\"https:\/\/ranch19.com\/wp-content\/uploads\/2020\/08\/PA141986-1024x768.jpg\" alt=\"\" data-id=\"185\" data-full-url=\"https:\/\/ranch19.com\/wp-content\/uploads\/2020\/08\/PA141986-scaled.jpg\" data-link=\"https:\/\/ranch19.com\/olympus-digital-camera-12\/\" class=\"wp-image-185\" srcset=\"https:\/\/ranch19.com\/wp-content\/uploads\/2020\/08\/PA141986-1024x768.jpg 1024w, https:\/\/ranch19.com\/wp-content\/uploads\/2020\/08\/PA141986-300x225.jpg 300w, https:\/\/ranch19.com\/wp-content\/uploads\/2020\/08\/PA141986-768x576.jpg 768w, https:\/\/ranch19.com\/wp-content\/uploads\/2020\/08\/PA141986-1536x1152.jpg 1536w, https:\/\/ranch19.com\/wp-content\/uploads\/2020\/08\/PA141986-2048x1536.jpg 2048w, https:\/\/ranch19.com\/wp-content\/uploads\/2020\/08\/PA141986-830x623.jpg 830w, https:\/\/ranch19.com\/wp-content\/uploads\/2020\/08\/PA141986-230x173.jpg 230w\" sizes=\"(max-width: 1024px) 100vw, 1024px\" \/><figcaption class=\"blocks-gallery-item__caption\">OLYMPUS DIGITAL CAMERA<\/figcaption><\/figure><\/li><li class=\"blocks-gallery-item\"><figure><img loading=\"lazy\" decoding=\"async\" width=\"1024\" height=\"768\" src=\"https:\/\/ranch19.com\/wp-content\/uploads\/2020\/08\/PA141962-1024x768.jpg\" alt=\"\" data-id=\"184\" data-full-url=\"https:\/\/ranch19.com\/wp-content\/uploads\/2020\/08\/PA141962-scaled.jpg\" data-link=\"https:\/\/ranch19.com\/olympus-digital-camera-11\/\" class=\"wp-image-184\" srcset=\"https:\/\/ranch19.com\/wp-content\/uploads\/2020\/08\/PA141962-1024x768.jpg 1024w, https:\/\/ranch19.com\/wp-content\/uploads\/2020\/08\/PA141962-300x225.jpg 300w, https:\/\/ranch19.com\/wp-content\/uploads\/2020\/08\/PA141962-768x576.jpg 768w, https:\/\/ranch19.com\/wp-content\/uploads\/2020\/08\/PA141962-1536x1152.jpg 1536w, https:\/\/ranch19.com\/wp-content\/uploads\/2020\/08\/PA141962-2048x1536.jpg 2048w, https:\/\/ranch19.com\/wp-content\/uploads\/2020\/08\/PA141962-830x623.jpg 830w, https:\/\/ranch19.com\/wp-content\/uploads\/2020\/08\/PA141962-230x173.jpg 230w\" sizes=\"(max-width: 1024px) 100vw, 1024px\" \/><figcaption class=\"blocks-gallery-item__caption\">OLYMPUS DIGITAL CAMERA<\/figcaption><\/figure><\/li><li class=\"blocks-gallery-item\"><figure><img loading=\"lazy\" decoding=\"async\" width=\"577\" height=\"433\" src=\"https:\/\/ranch19.com\/wp-content\/uploads\/2020\/08\/Photo1079-1.jpg\" alt=\"\" data-id=\"201\" data-full-url=\"https:\/\/ranch19.com\/wp-content\/uploads\/2020\/08\/Photo1079-1.jpg\" data-link=\"https:\/\/ranch19.com\/photo1079-2\/\" class=\"wp-image-201\" srcset=\"https:\/\/ranch19.com\/wp-content\/uploads\/2020\/08\/Photo1079-1.jpg 577w, https:\/\/ranch19.com\/wp-content\/uploads\/2020\/08\/Photo1079-1-300x225.jpg 300w, https:\/\/ranch19.com\/wp-content\/uploads\/2020\/08\/Photo1079-1-230x173.jpg 230w\" sizes=\"(max-width: 577px) 100vw, 577px\" \/><\/figure><\/li><li class=\"blocks-gallery-item\"><figure><img loading=\"lazy\" decoding=\"async\" width=\"433\" height=\"577\" src=\"https:\/\/ranch19.com\/wp-content\/uploads\/2020\/08\/Photo059-1.jpg\" alt=\"\" data-id=\"199\" data-full-url=\"https:\/\/ranch19.com\/wp-content\/uploads\/2020\/08\/Photo059-1.jpg\" data-link=\"https:\/\/ranch19.com\/photo059-2\/\" class=\"wp-image-199\" srcset=\"https:\/\/ranch19.com\/wp-content\/uploads\/2020\/08\/Photo059-1.jpg 433w, https:\/\/ranch19.com\/wp-content\/uploads\/2020\/08\/Photo059-1-225x300.jpg 225w, https:\/\/ranch19.com\/wp-content\/uploads\/2020\/08\/Photo059-1-230x306.jpg 230w\" sizes=\"(max-width: 433px) 100vw, 433px\" \/><\/figure><\/li><li class=\"blocks-gallery-item\"><figure><img loading=\"lazy\" decoding=\"async\" width=\"577\" height=\"433\" src=\"https:\/\/ranch19.com\/wp-content\/uploads\/2020\/08\/Photo047-1.jpg\" alt=\"\" data-id=\"198\" data-full-url=\"https:\/\/ranch19.com\/wp-content\/uploads\/2020\/08\/Photo047-1.jpg\" data-link=\"https:\/\/ranch19.com\/photo047-2\/\" class=\"wp-image-198\" srcset=\"https:\/\/ranch19.com\/wp-content\/uploads\/2020\/08\/Photo047-1.jpg 577w, https:\/\/ranch19.com\/wp-content\/uploads\/2020\/08\/Photo047-1-300x225.jpg 300w, https:\/\/ranch19.com\/wp-content\/uploads\/2020\/08\/Photo047-1-230x173.jpg 230w\" sizes=\"(max-width: 577px) 100vw, 577px\" \/><\/figure><\/li><li class=\"blocks-gallery-item\"><figure><img loading=\"lazy\" decoding=\"async\" width=\"577\" height=\"433\" src=\"https:\/\/ranch19.com\/wp-content\/uploads\/2020\/08\/Photo1079.jpg\" alt=\"\" data-id=\"197\" data-full-url=\"https:\/\/ranch19.com\/wp-content\/uploads\/2020\/08\/Photo1079.jpg\" data-link=\"https:\/\/ranch19.com\/photo1079\/\" class=\"wp-image-197\" srcset=\"https:\/\/ranch19.com\/wp-content\/uploads\/2020\/08\/Photo1079.jpg 577w, https:\/\/ranch19.com\/wp-content\/uploads\/2020\/08\/Photo1079-300x225.jpg 300w, https:\/\/ranch19.com\/wp-content\/uploads\/2020\/08\/Photo1079-230x173.jpg 230w\" sizes=\"(max-width: 577px) 100vw, 577px\" \/><\/figure><\/li><li class=\"blocks-gallery-item\"><figure><img loading=\"lazy\" decoding=\"async\" width=\"577\" height=\"433\" src=\"https:\/\/ranch19.com\/wp-content\/uploads\/2020\/08\/Photo047.jpg\" alt=\"\" data-id=\"194\" data-full-url=\"https:\/\/ranch19.com\/wp-content\/uploads\/2020\/08\/Photo047.jpg\" data-link=\"https:\/\/ranch19.com\/photo047\/\" class=\"wp-image-194\" srcset=\"https:\/\/ranch19.com\/wp-content\/uploads\/2020\/08\/Photo047.jpg 577w, https:\/\/ranch19.com\/wp-content\/uploads\/2020\/08\/Photo047-300x225.jpg 300w, https:\/\/ranch19.com\/wp-content\/uploads\/2020\/08\/Photo047-230x173.jpg 230w\" sizes=\"(max-width: 577px) 100vw, 577px\" \/><\/figure><\/li><li class=\"blocks-gallery-item\"><figure><img loading=\"lazy\" decoding=\"async\" width=\"1024\" height=\"768\" src=\"https:\/\/ranch19.com\/wp-content\/uploads\/2020\/08\/PA142176-1024x768.jpg\" alt=\"\" data-id=\"192\" data-full-url=\"https:\/\/ranch19.com\/wp-content\/uploads\/2020\/08\/PA142176-scaled.jpg\" data-link=\"https:\/\/ranch19.com\/olympus-digital-camera-13\/\" class=\"wp-image-192\" srcset=\"https:\/\/ranch19.com\/wp-content\/uploads\/2020\/08\/PA142176-1024x768.jpg 1024w, https:\/\/ranch19.com\/wp-content\/uploads\/2020\/08\/PA142176-300x225.jpg 300w, https:\/\/ranch19.com\/wp-content\/uploads\/2020\/08\/PA142176-768x576.jpg 768w, https:\/\/ranch19.com\/wp-content\/uploads\/2020\/08\/PA142176-1536x1152.jpg 1536w, https:\/\/ranch19.com\/wp-content\/uploads\/2020\/08\/PA142176-2048x1536.jpg 2048w, https:\/\/ranch19.com\/wp-content\/uploads\/2020\/08\/PA142176-830x623.jpg 830w, https:\/\/ranch19.com\/wp-content\/uploads\/2020\/08\/PA142176-230x173.jpg 230w\" sizes=\"(max-width: 1024px) 100vw, 1024px\" \/><figcaption class=\"blocks-gallery-item__caption\">OLYMPUS DIGITAL CAMERA<\/figcaption><\/figure><\/li><li class=\"blocks-gallery-item\"><figure><img loading=\"lazy\" decoding=\"async\" width=\"577\" height=\"433\" src=\"https:\/\/ranch19.com\/wp-content\/uploads\/2020\/08\/PA141962-1.jpg\" alt=\"\" data-id=\"187\" data-full-url=\"https:\/\/ranch19.com\/wp-content\/uploads\/2020\/08\/PA141962-1.jpg\" data-link=\"https:\/\/ranch19.com\/pa141962\/\" class=\"wp-image-187\" srcset=\"https:\/\/ranch19.com\/wp-content\/uploads\/2020\/08\/PA141962-1.jpg 577w, https:\/\/ranch19.com\/wp-content\/uploads\/2020\/08\/PA141962-1-300x225.jpg 300w, https:\/\/ranch19.com\/wp-content\/uploads\/2020\/08\/PA141962-1-230x173.jpg 230w\" sizes=\"(max-width: 577px) 100vw, 577px\" \/><\/figure><\/li><li class=\"blocks-gallery-item\"><figure><img loading=\"lazy\" decoding=\"async\" width=\"577\" height=\"433\" src=\"https:\/\/ranch19.com\/wp-content\/uploads\/2020\/08\/PA142053.jpg\" alt=\"\" data-id=\"189\" data-full-url=\"https:\/\/ranch19.com\/wp-content\/uploads\/2020\/08\/PA142053.jpg\" data-link=\"https:\/\/ranch19.com\/pa142053\/\" class=\"wp-image-189\" srcset=\"https:\/\/ranch19.com\/wp-content\/uploads\/2020\/08\/PA142053.jpg 577w, https:\/\/ranch19.com\/wp-content\/uploads\/2020\/08\/PA142053-300x225.jpg 300w, https:\/\/ranch19.com\/wp-content\/uploads\/2020\/08\/PA142053-230x173.jpg 230w\" sizes=\"(max-width: 577px) 100vw, 577px\" \/><\/figure><\/li><li class=\"blocks-gallery-item\"><figure><img loading=\"lazy\" decoding=\"async\" width=\"1024\" height=\"768\" src=\"https:\/\/ranch19.com\/wp-content\/uploads\/2020\/08\/PICT0201-1024x768.jpg\" alt=\"\" data-id=\"171\" data-full-url=\"https:\/\/ranch19.com\/wp-content\/uploads\/2020\/08\/PICT0201.jpg\" data-link=\"https:\/\/ranch19.com\/historique\/konica-minolta-digital-camera-4\/\" class=\"wp-image-171\" srcset=\"https:\/\/ranch19.com\/wp-content\/uploads\/2020\/08\/PICT0201-1024x768.jpg 1024w, https:\/\/ranch19.com\/wp-content\/uploads\/2020\/08\/PICT0201-300x225.jpg 300w, https:\/\/ranch19.com\/wp-content\/uploads\/2020\/08\/PICT0201-768x576.jpg 768w, https:\/\/ranch19.com\/wp-content\/uploads\/2020\/08\/PICT0201-1536x1152.jpg 1536w, https:\/\/ranch19.com\/wp-content\/uploads\/2020\/08\/PICT0201-2048x1536.jpg 2048w, https:\/\/ranch19.com\/wp-content\/uploads\/2020\/08\/PICT0201-830x623.jpg 830w, https:\/\/ranch19.com\/wp-content\/uploads\/2020\/08\/PICT0201-230x173.jpg 230w\" sizes=\"(max-width: 1024px) 100vw, 1024px\" \/><figcaption class=\"blocks-gallery-item__caption\">KONICA MINOLTA DIGITAL CAMERA<\/figcaption><\/figure><\/li><li class=\"blocks-gallery-item\"><figure><img loading=\"lazy\" decoding=\"async\" width=\"577\" height=\"433\" src=\"https:\/\/ranch19.com\/wp-content\/uploads\/2020\/08\/PA142065.jpg\" alt=\"\" data-id=\"190\" data-full-url=\"https:\/\/ranch19.com\/wp-content\/uploads\/2020\/08\/PA142065.jpg\" data-link=\"https:\/\/ranch19.com\/pa142065\/\" class=\"wp-image-190\" srcset=\"https:\/\/ranch19.com\/wp-content\/uploads\/2020\/08\/PA142065.jpg 577w, https:\/\/ranch19.com\/wp-content\/uploads\/2020\/08\/PA142065-300x225.jpg 300w, https:\/\/ranch19.com\/wp-content\/uploads\/2020\/08\/PA142065-230x173.jpg 230w\" sizes=\"(max-width: 577px) 100vw, 577px\" \/><\/figure><\/li><\/ul><\/figure>\n","protected":false},"excerpt":{"rendered":"<p>Nos Autres Chevaux (Mystique &#8211; Cheyenne &#8211; Cherokee &#8211; Osiris) Petit troupeau de 3 chevaux, une double-ponette. En fonction des p\u00e9riodes de l&rsquo;ann\u00e9e et de&hellip;<\/p>\n","protected":false},"author":1,"featured_media":0,"parent":0,"menu_order":0,"comment_status":"closed","ping_status":"closed","template":"","meta":{"footnotes":""},"class_list":["post-45","page","type-page","status-publish","hentry"],"_links":{"self":[{"href":"https:\/\/ranch19.com\/index.php?rest_route=\/wp\/v2\/pages\/45"}],"collection":[{"href":"https:\/\/ranch19.com\/index.php?rest_route=\/wp\/v2\/pages"}],"about":[{"href":"https:\/\/ranch19.com\/index.php?rest_route=\/wp\/v2\/types\/page"}],"author":[{"embeddable":true,"href":"https:\/\/ranch19.com\/index.php?rest_route=\/wp\/v2\/users\/1"}],"replies":[{"embeddable":true,"href":"https:\/\/ranch19.com\/index.php?rest_route=%2Fwp%2Fv2%2Fcomments&post=45"}],"version-history":[{"count":4,"href":"https:\/\/ranch19.com\/index.php?rest_route=\/wp\/v2\/pages\/45\/revisions"}],"predecessor-version":[{"id":207,"href":"https:\/\/ranch19.com\/index.php?rest_route=\/wp\/v2\/pages\/45\/revisions\/207"}],"wp:attachment":[{"href":"https:\/\/ranch19.com\/index.php?rest_route=%2Fwp%2Fv2%2Fmedia&parent=45"}],"curies":[{"name":"wp","href":"https:\/\/api.w.org\/{rel}","templated":true}]}}