{"id":71,"date":"2020-08-11T15:47:27","date_gmt":"2020-08-11T15:47:27","guid":{"rendered":"https:\/\/ranch19.com\/?page_id=71"},"modified":"2020-08-11T16:06:17","modified_gmt":"2020-08-11T16:06:17","slug":"acceuil","status":"publish","type":"page","link":"https:\/\/ranch19.com\/","title":{"rendered":"Accueil"},"content":{"rendered":"\n<p style=\"font-size:25px\" class=\"has-text-align-center\"><span class=\"has-inline-color has-very-dark-gray-color\"><strong>Bienvenue au \u00ab\u00a0Ranch19\u00a0\u00bb<\/strong><\/span><\/p>\n\n\n\n<p class=\"has-text-align-center has-normal-font-size\"><span class=\"has-inline-color has-very-dark-gray-color\">Nous souhaitons partager notre passion au travers de notre site, vous pourrez y d\u00e9couvrir, nos chevaux, notre ranch, des vid\u00e9os, et des informations sur les paint-horses, ainsi que des projets \u00e0 venir.<\/span><\/p>\n\n\n\n<p class=\"has-text-align-center\"><span class=\"has-inline-color has-very-dark-gray-color\">Manu &amp; Nicole<\/span><\/p>\n\n\n\n<div class=\"wp-block-image is-style-rounded\"><figure class=\"aligncenter size-large is-resized\"><img loading=\"lazy\" decoding=\"async\" src=\"https:\/\/ranch19.com\/wp-content\/uploads\/2020\/08\/maison2.jpg\" alt=\"\" class=\"wp-image-78\" width=\"587\" height=\"441\" srcset=\"https:\/\/ranch19.com\/wp-content\/uploads\/2020\/08\/maison2.jpg 350w, https:\/\/ranch19.com\/wp-content\/uploads\/2020\/08\/maison2-300x225.jpg 300w, https:\/\/ranch19.com\/wp-content\/uploads\/2020\/08\/maison2-230x173.jpg 230w\" sizes=\"(max-width: 587px) 100vw, 587px\" \/><\/figure><\/div>\n\n\n\n<p><\/p>\n","protected":false},"excerpt":{"rendered":"<p>Bienvenue au \u00ab\u00a0Ranch19\u00a0\u00bb Nous souhaitons partager notre passion au travers de notre site, vous pourrez y d\u00e9couvrir, nos chevaux, notre ranch, des vid\u00e9os, et des&hellip;<\/p>\n","protected":false},"author":1,"featured_media":0,"parent":0,"menu_order":0,"comment_status":"closed","ping_status":"closed","template":"","meta":{"footnotes":""},"class_list":["post-71","page","type-page","status-publish","hentry"],"_links":{"self":[{"href":"https:\/\/ranch19.com\/index.php?rest_route=\/wp\/v2\/pages\/71"}],"collection":[{"href":"https:\/\/ranch19.com\/index.php?rest_route=\/wp\/v2\/pages"}],"about":[{"href":"https:\/\/ranch19.com\/index.php?rest_route=\/wp\/v2\/types\/page"}],"author":[{"embeddable":true,"href":"https:\/\/ranch19.com\/index.php?rest_route=\/wp\/v2\/users\/1"}],"replies":[{"embeddable":true,"href":"https:\/\/ranch19.com\/index.php?rest_route=%2Fwp%2Fv2%2Fcomments&post=71"}],"version-history":[{"count":10,"href":"https:\/\/ranch19.com\/index.php?rest_route=\/wp\/v2\/pages\/71\/revisions"}],"predecessor-version":[{"id":87,"href":"https:\/\/ranch19.com\/index.php?rest_route=\/wp\/v2\/pages\/71\/revisions\/87"}],"wp:attachment":[{"href":"https:\/\/ranch19.com\/index.php?rest_route=%2Fwp%2Fv2%2Fmedia&parent=71"}],"curies":[{"name":"wp","href":"https:\/\/api.w.org\/{rel}","templated":true}]}}